{"id":3840,"date":"2024-03-07T18:33:36","date_gmt":"2024-03-07T16:33:36","guid":{"rendered":"https:\/\/unimak.ee\/?page_id=3840"},"modified":"2024-03-07T18:33:36","modified_gmt":"2024-03-07T16:33:36","slug":"privacy-policy","status":"publish","type":"page","link":"https:\/\/unimak.ee\/en\/privacy-policy\/","title":{"rendered":"Privacy policy"},"content":{"rendered":"<p><em>Kehtiv alates 25.05.2018<\/em><\/p>\n<p>Privaatsustingimused reguleerivad isikuandmete t\u00f6\u00f6tlemist ja k\u00fcpsiste kasutamist Unimak Grupp O\u00dc veebilehel <a href=\"https:\/\/unimak.ee\" target=\"_blank\" rel=\"noopener noreferrer\">unimak.ee<\/a> (edaspidi veebileht). Privaatsustingimused on koosk\u00f5las andmekaitse \u00fcldregulatsiooniga (GDPR \u2013 General Data Protection Regulation).<\/p>\n<p>Privaatsustingimuste eesm\u00e4rk on kaitsta klientide privaatsust koosk\u00f5las Eesti Vabariigi seaduste ning Euroopa Liidu \u00f5igusaktidega.<\/p>\n<p><strong>Kasutades Unimak Grupp O\u00dc veebilehte, n\u00f5ustute k\u00fcpsiste kasutamisega ja isikuandmete t\u00f6\u00f6tlemise tingimustega nagu on kirjeldatud veebilehe privaatsustingimustes.<\/strong><\/p>\n<h3>M\u00f5isted<\/h3>\n<p><strong>Kasutajad<\/strong> on k\u00f5ik isikud, kes k\u00fclastavad veebilehte, tarbivad teenuseid v\u00f5i edastavad Unimak Grupp O\u00dcle omalt poolt infot. N\u00e4iteks toote hinnap\u00e4ring v\u00f5i kontaktip\u00e4ring.<\/p>\n<p><strong>Teenused<\/strong> on k\u00f5ik Unimak Grupp O\u00dc poolt pakutavad tooted ja teenused.<\/p>\n<h3>Isikuandmete t\u00f6\u00f6tlemine<\/h3>\n<p>Unimak Grupp O\u00dc kogub veebilehe kaudu allj\u00e4rgnevaid kasutajate isikuandmeid j\u00e4rgnevalt kirjeldatud viisidel:<\/p>\n<p>kasutaja nimi, telefon ja e-posti aadress \u2013 kasutaja poolt toote- v\u00f5i kontaktip\u00e4ringu tegemisel;<br \/>\nveebilehe k\u00fclastatavuse statistika \u2013 Google Analyticsi abil.<\/p>\n<h3>Isikuandmete kasutamine<\/h3>\n<p>Unimak Grupp O\u00dc kasutab isikuandmeid:<\/p>\n<p>kasutajale <strong>teenuse osutamiseks<\/strong>, n\u00e4iteks lepingu s\u00f5lmimiseks ja t\u00e4itmiseks, kasutajaga suhtlemiseks, arvete edastamiseks;<br \/>\nkasutaja e-posti aadressile <strong>teavituste saatmiseks<\/strong> uutest toodetest ja kampaaniatest.<br \/>\nUnimak Grupp O\u00dc kasutab veebilehe k\u00fclastatavuse statistikat veebilehe <strong>kasutajakogemuse parendamiseks<\/strong> ja <strong>efektiivsemaks turundamiseks<\/strong>.<\/p>\n<p>Kasutajal on igal ajal \u00f5igus keelata oma isikuandmete t\u00f6\u00f6tlemine, v\u00e4lja arvatud juhul, kui see on vajalik lepingust tuleneva n\u00f5ude t\u00e4itmiseks, sh teenuse osutamiseks.<\/p>\n<h3>Isikuandmete edastamine kolmandatele isikutele<\/h3>\n<p>Kolmas isik on Unimak Grupp O\u00dc koost\u00f6\u00f6partner, kes t\u00f6\u00f6tleb isikuandmeid ja kelle toote v\u00f5i teenuse abil pakub Unimak Grupp O\u00dc kasutajale teenuseid.<\/p>\n<p>Unimak Grupp O\u00dc edastab vaid isikuandmeid, mis on vajalik kasutajale teenuse osutamiseks.<\/p>\n<h3>Isikuandmete s\u00e4ilitamine ja turvalisus<\/h3>\n<p>Unimak Grupp O\u00dc s\u00e4ilitab isikuandmeid nii kaua, kuni see on eesm\u00e4rgi t\u00e4itmiseks v\u00f5i seadusest tulenevalt vajalik.<\/p>\n<p>Unimak Grupp O\u00dc rakendab k\u00f5iki m\u00f5istlikke meetmeid t\u00f6\u00f6deldavate isikuandmete kaitseks. Juurdep\u00e4\u00e4s isikuandmete muutmiseks ja t\u00f6\u00f6tlemiseks on ainult selleks volitatud isikutel ning k\u00f5ikide kasutajate isikuandmeid k\u00e4sitletakse kui konfidentsiaalset informatsiooni.<\/p>\n<h3>Kasutaja \u00f5igused<\/h3>\n<p>Kasutajal on \u00f5igus igal ajal:<\/p>\n<p>avaldada soovi juurdep\u00e4\u00e4suks enda andmetele;<br \/>\nn\u00f5uda isikuandmete parandamist, t\u00e4iendamist v\u00f5i seaduses etten\u00e4htud tingimustel kustutamist;<br \/>\nn\u00f5uda isikuandmete t\u00f6\u00f6tlemise piiramist;<br \/>\nn\u00f5uda isikuandmete \u00fclekandmist.<\/p>\n<p>Oma \u00f5iguste kasutamiseks tuleb kasutajal saata e-posti aadressile info&#64;&#117;&#110;&#105;&#109;&#97;&#107;&#x2e;&#x65;&#x65; vastavasisuline sooviavaldus.<\/p>\n<p>K\u00fcpsiste kasutamise piiramiseks saab kasutaja teha vastavad valikud oma veebilehitseja seadete alt.<\/p>\n<p>Kui Kasutaja usub, et tema \u00f5igusi on isikuandmete t\u00f6\u00f6tlemisel rikutud, on tal \u00f5igus p\u00f6\u00f6rduda Andmekaitse Inspektsiooni poole.<\/p>\n<div id=\"kupsised\"><\/div>\n<h3>K\u00fcpsised<\/h3>\n<p>Unimak Grupp O\u00dc veebilehel kasutatakse k\u00fcpsiseid, eesm\u00e4rgiga tagada parem kasutajakogemus ja efektiivsem turundustegevus ning koguda kasutusstatistikat.<\/p>\n<p>Kasutades Unimak Grupp O\u00dc veebilehte, n\u00f5ustub kasutaja k\u00fcpsiste kasutamisega k\u00e4esolevas korras kirjeldatud viisil.<\/p>\n<p>K\u00fcpsis on v\u00e4ike tekstifail, mille veebilehitseja automaatselt kasutaja poolt kasutatavasse seadmesse salvestab. K\u00fcpsised v\u00f5ivad olla loodud erinevate teenusepakkujate poolt, n\u00e4iteks Google ja Facebook. K\u00fcpsisefailid ei ole arvuti jaoks ohtlikud.<\/p>\n<p>K\u00fcpsiseid on kahte t\u00fc\u00fcpi:<\/p>\n<p>P\u00fcsivaid k\u00fcpsiseid, mis j\u00e4\u00e4vad kasutaja arvutis olevasse k\u00fcpsiste faili p\u00fcsivalt. Neid v\u00f5idakse kasutada n\u00e4iteks kasutaja kui veebilehe korduvk\u00fclastaja \u00e4ratundmiseks ja veebilehe sisu kohandamiseks vastavalt kasutaja vajadustele v\u00f5i statistiliste andmete kogumiseks.<br \/>\nSeansik\u00fcpsised on ajutised ja kaovad, kui kasutaja veebilehelt lahkub v\u00f5i oma veebilehitseja sulgeb. Seansik\u00fcpsiseid v\u00f5idakse kasutada veebilehe teatud funktsioonide, n\u00e4iteks teenuse v\u00f5i toote taotlemise jms v\u00f5imaldamiseks.<br \/>\nK\u00fcpsiseid kasutatakse teabe kogumiseks selle kohta, kuidas veebilehte kasutatakse, et seda kasutajatele isiklikumaks ja kasutajas\u00f5bralikumaks muuta. Lisaks aitavad k\u00fcpsised koguda kasutajastatistikat, mis v\u00f5imaldab m\u00f5\u00f5ta ja parandada veebilehe toimivust ning annab alusandmed, et viia l\u00e4bi efektiivne turundustegevus.<\/p>\n<p>Kasutaja loetakse k\u00fcpsistega n\u00f5ustunuks, kui tema veebilehitseja seadistustes on k\u00fcpsised lubatud. Tihtipeale veebilehitsejad lubavad vaikimisi k\u00fcpsisefailide s\u00e4ilitamist seadmesse. Kasutaja v\u00f5ib oma seadmes k\u00fcpsiste kasutamise \u00e4ra keelata v\u00f5i need kustutada, muutes oma veebilehitseja vastavaid seadeid. K\u00fcpsiste mittekasutamisel ei pruugi veebileht korrektselt t\u00f6\u00f6tada. Juhiseid veebilehitsejast k\u00fcpsiste kustutamiseks ja seadistamiseks leiab n\u00e4iteks siit: <a href=\"https:\/\/support.google.com\/chrome\/answer\/95647?hl=en\" target=\"_blank\" rel=\"noopener noreferrer\">Chrome<\/a>, <a href=\"https:\/\/support.microsoft.com\/en-us\/help\/278835\/how-to-delete-cookie-files-in-internet-explorer\" target=\"_blank\" rel=\"noopener noreferrer\">Internet Explorer<\/a>.<\/p>\n<p>Kasutusstatistika kogumiseks kasutab Unimak Grupp O\u00dc Google Analytics teenust, kogudes andmeid n\u00e4iteks k\u00fclastatud alalehtede, k\u00fclastusaja, k\u00fclastuste arvu, kasutatavate seadmete, sisenemiskanalite ja muu statistika kohta.<\/p>\n<p>Google Analytics v\u00f5ib siiski koguda andmeid kasutajate aktiivsuse kohta ka ilma k\u00fcpsisefaile kasutamata. Selleks, et Google Analytics ei saaks andmeid kasutada, saab kasutaja paigaldada oma seadmesse Google Analytics\u2019i blokeeriva rakenduse: <a href=\"https:\/\/tools.google.com\/dlpage\/gaoptout?hl=en\" target=\"_blank\" rel=\"noopener noreferrer\">Google Analyticsist loobumise brauserilaiend<\/a>.<\/p>\n<h3>Privaatsustingimuste muutmine<\/h3>\n<p>Unimak Grupp O\u00dc j\u00e4tab endale \u00f5iguse muuta privaatsustingimusi \u00fchepoolselt ja ette teatamata, eesm\u00e4rgiga kindlustada nende vastavus seadustele. Privaatsustingimused on oma uusimas versioonis alati veebilehel saadaval.<\/p>\n<p>K\u00f5igi privaatsustingimuste ja andmet\u00f6\u00f6tluse kohta tekkivate k\u00fcsimustega palume v\u00f5tta \u00fchendust aadressil &#x69;&#x6e;&#102;o&#x40;&#x75;&#110;&#105;m&#x61;&#x6b;&#46;&#101;e.<\/p>\n","protected":false},"excerpt":{"rendered":"<p>Kehtiv alates 25.05.2018 Privaatsustingimused reguleerivad isikuandmete t\u00f6\u00f6tlemist ja k\u00fcpsiste kasutamist Unimak Grupp O\u00dc veebilehel unimak.ee (edaspidi veebileht). Privaatsustingimused on koosk\u00f5las andmekaitse \u00fcldregulatsiooniga (GDPR \u2013 General Data Protection Regulation). Privaatsustingimuste eesm\u00e4rk on kaitsta klientide privaatsust koosk\u00f5las Eesti Vabariigi seaduste ning Euroopa Liidu \u00f5igusaktidega. Kasutades Unimak Grupp O\u00dc veebilehte, n\u00f5ustute k\u00fcpsiste kasutamisega ja isikuandmete t\u00f6\u00f6tlemise tingimustega nagu [&hellip;]<\/p>\n","protected":false},"author":4,"featured_media":0,"parent":0,"menu_order":3,"comment_status":"closed","ping_status":"closed","template":"","meta":{"_acf_changed":false,"footnotes":""},"class_list":["post-3840","page","type-page","status-publish","hentry"],"acf":[],"yoast_head":"<!-- This site is optimized with the Yoast SEO plugin v27.4 - https:\/\/yoast.com\/product\/yoast-seo-wordpress\/ -->\n<title>Privacy policy - Unimakk Grupp kodulehek\u00fclg<\/title>\n<meta name=\"robots\" content=\"index, follow, max-snippet:-1, max-image-preview:large, max-video-preview:-1\" \/>\n<link rel=\"canonical\" href=\"https:\/\/unimak.ee\/en\/privacy-policy\/\" \/>\n<meta property=\"og:locale\" content=\"en_US\" \/>\n<meta property=\"og:type\" content=\"article\" \/>\n<meta property=\"og:title\" content=\"Privacy policy - Unimakk Grupp kodulehek\u00fclg\" \/>\n<meta property=\"og:description\" content=\"Kehtiv alates 25.05.2018 Privaatsustingimused reguleerivad isikuandmete t\u00f6\u00f6tlemist ja k\u00fcpsiste kasutamist Unimak Grupp O\u00dc veebilehel unimak.ee (edaspidi veebileht). Privaatsustingimused on koosk\u00f5las andmekaitse \u00fcldregulatsiooniga (GDPR \u2013 General Data Protection Regulation). Privaatsustingimuste eesm\u00e4rk on kaitsta klientide privaatsust koosk\u00f5las Eesti Vabariigi seaduste ning Euroopa Liidu \u00f5igusaktidega. Kasutades Unimak Grupp O\u00dc veebilehte, n\u00f5ustute k\u00fcpsiste kasutamisega ja isikuandmete t\u00f6\u00f6tlemise tingimustega nagu [&hellip;]\" \/>\n<meta property=\"og:url\" content=\"https:\/\/unimak.ee\/en\/privacy-policy\/\" \/>\n<meta property=\"og:site_name\" content=\"Unimakk Grupp kodulehek\u00fclg\" \/>\n<meta name=\"twitter:card\" content=\"summary_large_image\" \/>\n<script type=\"application\/ld+json\" class=\"yoast-schema-graph\">{\"@context\":\"https:\\\/\\\/schema.org\",\"@graph\":[{\"@type\":\"WebPage\",\"@id\":\"https:\\\/\\\/unimak.ee\\\/en\\\/privacy-policy\\\/\",\"url\":\"https:\\\/\\\/unimak.ee\\\/en\\\/privacy-policy\\\/\",\"name\":\"Privacy policy - Unimakk Grupp kodulehek\u00fclg\",\"isPartOf\":{\"@id\":\"https:\\\/\\\/unimak.ee\\\/en\\\/#website\"},\"datePublished\":\"2024-03-07T16:33:36+00:00\",\"breadcrumb\":{\"@id\":\"https:\\\/\\\/unimak.ee\\\/en\\\/privacy-policy\\\/#breadcrumb\"},\"inLanguage\":\"en-US\",\"potentialAction\":[{\"@type\":\"ReadAction\",\"target\":[\"https:\\\/\\\/unimak.ee\\\/en\\\/privacy-policy\\\/\"]}]},{\"@type\":\"BreadcrumbList\",\"@id\":\"https:\\\/\\\/unimak.ee\\\/en\\\/privacy-policy\\\/#breadcrumb\",\"itemListElement\":[{\"@type\":\"ListItem\",\"position\":1,\"name\":\"Home\",\"item\":\"https:\\\/\\\/unimak.ee\\\/en\\\/\"},{\"@type\":\"ListItem\",\"position\":2,\"name\":\"Privacy policy\"}]},{\"@type\":\"WebSite\",\"@id\":\"https:\\\/\\\/unimak.ee\\\/en\\\/#website\",\"url\":\"https:\\\/\\\/unimak.ee\\\/en\\\/\",\"name\":\"Unimakk Grupp kodulehek\u00fclg\",\"description\":\"Pesumaja seadmed ja keemilise puhastuse seadmed ja ained\",\"potentialAction\":[{\"@type\":\"SearchAction\",\"target\":{\"@type\":\"EntryPoint\",\"urlTemplate\":\"https:\\\/\\\/unimak.ee\\\/en\\\/?s={search_term_string}\"},\"query-input\":{\"@type\":\"PropertyValueSpecification\",\"valueRequired\":true,\"valueName\":\"search_term_string\"}}],\"inLanguage\":\"en-US\"}]}<\/script>\n<!-- \/ Yoast SEO plugin. -->","yoast_head_json":{"title":"Privacy policy - Unimakk Grupp kodulehek\u00fclg","robots":{"index":"index","follow":"follow","max-snippet":"max-snippet:-1","max-image-preview":"max-image-preview:large","max-video-preview":"max-video-preview:-1"},"canonical":"https:\/\/unimak.ee\/en\/privacy-policy\/","og_locale":"en_US","og_type":"article","og_title":"Privacy policy - Unimakk Grupp kodulehek\u00fclg","og_description":"Kehtiv alates 25.05.2018 Privaatsustingimused reguleerivad isikuandmete t\u00f6\u00f6tlemist ja k\u00fcpsiste kasutamist Unimak Grupp O\u00dc veebilehel unimak.ee (edaspidi veebileht). Privaatsustingimused on koosk\u00f5las andmekaitse \u00fcldregulatsiooniga (GDPR \u2013 General Data Protection Regulation). Privaatsustingimuste eesm\u00e4rk on kaitsta klientide privaatsust koosk\u00f5las Eesti Vabariigi seaduste ning Euroopa Liidu \u00f5igusaktidega. Kasutades Unimak Grupp O\u00dc veebilehte, n\u00f5ustute k\u00fcpsiste kasutamisega ja isikuandmete t\u00f6\u00f6tlemise tingimustega nagu [&hellip;]","og_url":"https:\/\/unimak.ee\/en\/privacy-policy\/","og_site_name":"Unimakk Grupp kodulehek\u00fclg","twitter_card":"summary_large_image","schema":{"@context":"https:\/\/schema.org","@graph":[{"@type":"WebPage","@id":"https:\/\/unimak.ee\/en\/privacy-policy\/","url":"https:\/\/unimak.ee\/en\/privacy-policy\/","name":"Privacy policy - Unimakk Grupp kodulehek\u00fclg","isPartOf":{"@id":"https:\/\/unimak.ee\/en\/#website"},"datePublished":"2024-03-07T16:33:36+00:00","breadcrumb":{"@id":"https:\/\/unimak.ee\/en\/privacy-policy\/#breadcrumb"},"inLanguage":"en-US","potentialAction":[{"@type":"ReadAction","target":["https:\/\/unimak.ee\/en\/privacy-policy\/"]}]},{"@type":"BreadcrumbList","@id":"https:\/\/unimak.ee\/en\/privacy-policy\/#breadcrumb","itemListElement":[{"@type":"ListItem","position":1,"name":"Home","item":"https:\/\/unimak.ee\/en\/"},{"@type":"ListItem","position":2,"name":"Privacy policy"}]},{"@type":"WebSite","@id":"https:\/\/unimak.ee\/en\/#website","url":"https:\/\/unimak.ee\/en\/","name":"Unimakk Grupp kodulehek\u00fclg","description":"Pesumaja seadmed ja keemilise puhastuse seadmed ja ained","potentialAction":[{"@type":"SearchAction","target":{"@type":"EntryPoint","urlTemplate":"https:\/\/unimak.ee\/en\/?s={search_term_string}"},"query-input":{"@type":"PropertyValueSpecification","valueRequired":true,"valueName":"search_term_string"}}],"inLanguage":"en-US"}]}},"_links":{"self":[{"href":"https:\/\/unimak.ee\/en\/wp-json\/wp\/v2\/pages\/3840","targetHints":{"allow":["GET"]}}],"collection":[{"href":"https:\/\/unimak.ee\/en\/wp-json\/wp\/v2\/pages"}],"about":[{"href":"https:\/\/unimak.ee\/en\/wp-json\/wp\/v2\/types\/page"}],"author":[{"embeddable":true,"href":"https:\/\/unimak.ee\/en\/wp-json\/wp\/v2\/users\/4"}],"replies":[{"embeddable":true,"href":"https:\/\/unimak.ee\/en\/wp-json\/wp\/v2\/comments?post=3840"}],"version-history":[{"count":1,"href":"https:\/\/unimak.ee\/en\/wp-json\/wp\/v2\/pages\/3840\/revisions"}],"predecessor-version":[{"id":3841,"href":"https:\/\/unimak.ee\/en\/wp-json\/wp\/v2\/pages\/3840\/revisions\/3841"}],"wp:attachment":[{"href":"https:\/\/unimak.ee\/en\/wp-json\/wp\/v2\/media?parent=3840"}],"curies":[{"name":"wp","href":"https:\/\/api.w.org\/{rel}","templated":true}]}}